{"id":756,"date":"2025-02-02T21:42:37","date_gmt":"2025-02-02T20:42:37","guid":{"rendered":"https:\/\/skiprotect.si\/?page_id=756"},"modified":"2025-02-11T15:02:34","modified_gmt":"2025-02-11T14:02:34","slug":"return-policy","status":"publish","type":"page","link":"https:\/\/skiprotect.si\/de\/return-policy\/","title":{"rendered":"Liefer- und R\u00fcckgabebedingungen"},"content":{"rendered":"<div data-elementor-type=\"wp-page\" data-elementor-id=\"756\" class=\"elementor elementor-756\">\n\t\t\t\t<div class=\"elementor-element elementor-element-eba999a e-flex e-con-boxed e-con e-parent\" data-id=\"eba999a\" data-element_type=\"container\" data-e-type=\"container\">\n\t\t\t\t\t<div class=\"e-con-inner\">\n\t\t\t\t<div class=\"elementor-element elementor-element-a6cbf8e elementor-widget elementor-widget-heading\" data-id=\"a6cbf8e\" data-element_type=\"widget\" data-e-type=\"widget\" data-widget_type=\"heading.default\">\n\t\t\t\t<div class=\"elementor-widget-container\">\n\t\t\t\t\t<h2 class=\"elementor-heading-title elementor-size-default\">R\u00fcckgabe und Lieferung von Produkten<\/h2>\t\t\t\t<\/div>\n\t\t\t\t<\/div>\n\t\t\t\t<div class=\"elementor-element elementor-element-9a11871 elementor-widget elementor-widget-text-editor\" data-id=\"9a11871\" data-element_type=\"widget\" data-e-type=\"widget\" data-widget_type=\"text-editor.default\">\n\t\t\t\t<div class=\"elementor-widget-container\">\n\t\t\t\t\t\t\t\t\t<p>Version: 1.0.<\/p>\t\t\t\t\t\t\t\t<\/div>\n\t\t\t\t<\/div>\n\t\t\t\t\t<\/div>\n\t\t\t\t<\/div>\n\t\t<div class=\"elementor-element elementor-element-87c5475 e-flex e-con-boxed e-con e-parent\" data-id=\"87c5475\" data-element_type=\"container\" data-e-type=\"container\">\n\t\t\t\t\t<div class=\"e-con-inner\">\n\t\t\t\t<div class=\"elementor-element elementor-element-2b8c7cb elementor-widget elementor-widget-text-editor\" data-id=\"2b8c7cb\" data-element_type=\"widget\" data-e-type=\"widget\" data-widget_type=\"text-editor.default\">\n\t\t\t\t<div class=\"elementor-widget-container\">\n\t\t\t\t\t\t\t\t\t<h4><strong>Lieferung<\/strong><\/h4><p><strong>Wir bieten Lieferungen in die folgenden Regionen und L\u00e4nder an:<\/strong><br \/>\u00d6sterreich, Belgien, Bulgarien, Tschechische Republik, D\u00e4nemark, Estland, Finnland, Frankreich, Griechenland, Kroatien, Irland, Italien, Lettland, Litauen, Luxemburg, Ungarn, Deutschland, Niederlande, Polen, Portugal, Rum\u00e4nien, Slowakei, Slowenien, Spanien, Schweden, Schweiz.<\/p><p>Die Lieferzeit der Artikel h\u00e4ngt von Ihrem Standort und der gew\u00e4hlten Liefermethode ab. Die voraussichtliche Lieferzeit der Produkte wird vor der Bestellung bei der Berechnung der Lieferkosten sichtbar sein.<br \/>Voraussichtliche Lieferzeit in Slowenien: 1-2 Arbeitstage.<br \/>Voraussichtliche Lieferzeit in der EU: 1-5 Arbeitstage.<br \/>Voraussichtliche Lieferzeit in der EU mit DHL Express: 1-2 Arbeitstage.<\/p><p>Die Produktionszeit personalisierter Artikel kann von der bei der Bestellung angegebenen Zeit abweichen. Falls dies der Fall ist, werden wir Sie im Voraus per E-Mail oder Telefonanruf benachrichtigen. Wir werden unser Bestes tun, um den Artikel so schnell wie m\u00f6glich zu versenden.<\/p><p>Die Lieferkosten f\u00fcr jede Bestellung werden am Ende des Kaufs berechnet, da sie vom Gewicht des Pakets und dem Lieferort abh\u00e4ngen. Die Lieferkosten variieren zwischen den verschiedenen L\u00e4ndern.\u00a0<\/p><p>Wir liefern Produkte \u00fcber die Kurierdienste GLS und DHL, abh\u00e4ngig von der gew\u00e4hlten Liefermethode und dem Lieferort.\u00a0<\/p>\t\t\t\t\t\t\t\t<\/div>\n\t\t\t\t<\/div>\n\t\t\t\t\t<\/div>\n\t\t\t\t<\/div>\n\t\t<div class=\"elementor-element elementor-element-7fb6a74 e-flex e-con-boxed e-con e-parent\" data-id=\"7fb6a74\" data-element_type=\"container\" data-e-type=\"container\">\n\t\t\t\t\t<div class=\"e-con-inner\">\n\t\t\t\t<div class=\"elementor-element elementor-element-e640bc1 elementor-widget elementor-widget-text-editor\" data-id=\"e640bc1\" data-element_type=\"widget\" data-e-type=\"widget\" data-widget_type=\"text-editor.default\">\n\t\t\t\t<div class=\"elementor-widget-container\">\n\t\t\t\t\t\t\t\t\t<h4><strong>Besch\u00e4digte Ware<\/strong><\/h4><p>Wenn Sie bei Erhalt der Sendung feststellen, dass der Artikel oder das Paket physisch besch\u00e4digt ist, Inhalte fehlen oder Anzeichen einer \u00d6ffnung aufweisen, m\u00fcssen Sie den Entsch\u00e4digungsprozess mit dem Zustelldienst einleiten. Dies tun Sie, indem Sie das Paket so schnell wie m\u00f6glich, jedoch sp\u00e4testens innerhalb von 14 Tagen nach Erhalt des Pakets, zur Post bringen. Informieren Sie den Zustelldienst, dass ein Bericht \u00fcber die besch\u00e4digte Sendung ausgef\u00fcllt werden muss, und unterschreiben Sie ihn dann. Zusammen mit dem Zustelldienst werden wir daf\u00fcr sorgen, dass der Entsch\u00e4digungsprozess so schnell wie m\u00f6glich gel\u00f6st wird.<\/p><p class=\"translation-block\">Wir bitten Sie, uns besch\u00e4digte Ware <strong>unverz\u00fcglich<\/strong> an unsere E-Mail-Adresse info@skriprotect.si zu melden.<\/p><p><strong>Sachlicher Fehler<br \/><\/strong>Wann ist ein Mangel wesentlich? Vor allem, wenn:<br \/>\u2013 der Artikel hat nicht die Eigenschaften, die seine normale Nutzung erm\u00f6glichen;<br \/>\u2013 der Artikel besitzt nicht die Eigenschaften, die f\u00fcr die besondere Nutzung erforderlich sind, f\u00fcr die der K\u00e4ufer ihn kauft und die dem Verk\u00e4ufer bekannt waren;<br \/>\u2013 der Artikel hat nicht die Eigenschaften und Merkmale, die ausdr\u00fccklich vereinbart oder vorgeschrieben sind;<br \/>\u2013 der dem K\u00e4ufer gelieferte Artikel entspricht nicht dem Modell, ausgenommen sind Modelle, die zu Informationszwecken gezeigt wurden;<\/p><p>F\u00fcr den Fall, dass der Kunde bei einem wesentlichen Mangel des Produkts selbst t\u00e4tig wird (den Artikel selbst zu reparieren versucht), bevor der wesentliche Mangel dem Verk\u00e4ufer gemeldet wird (oder eine unabh\u00e4ngige Reparatur mit dem Verk\u00e4ufer vereinbart wurde), kann der Verk\u00e4ufer die Reklamation nicht mehr annehmen.<\/p><p>Wie wird die Eignung des Artikels \u00fcberpr\u00fcft? Sie wird mit einem anderen einwandfreien Artikel der gleichen Art sowie mit den Herstellerangaben oder Angaben auf dem Artikel selbst \u00fcberpr\u00fcft.<\/p><p><strong>Wie wird ein wesentlicher Mangel geltend gemacht?<br \/><\/strong>Der K\u00e4ufer muss uns auf eigene Kosten und innerhalb der gesetzlich vorgeschriebenen Frist \u00fcber etwaige wesentliche M\u00e4ngel zusammen mit einer genauen Beschreibung derselben informieren. Der K\u00e4ufer erm\u00f6glicht uns zudem die \u00dcberpr\u00fcfung des Artikels.<\/p><p>Ein Verbraucher kann seine Rechte im Zusammenhang mit einem wesentlichen Mangel geltend machen, wenn er den Verk\u00e4ufer innerhalb von zwei Monaten ab dem Tag, an dem der Mangel entdeckt wurde, dar\u00fcber informiert. Das Recht zur Geltendmachung wesentlicher M\u00e4ngel wird durch die Bestimmungen des Verbraucherschutzgesetzes n\u00e4her geregelt.<\/p><p>Um einen wesentlichen Mangel geltend zu machen, senden Sie uns eine Nachricht an info@skriprotect.si<\/p>\t\t\t\t\t\t\t\t<\/div>\n\t\t\t\t<\/div>\n\t\t\t\t\t<\/div>\n\t\t\t\t<\/div>\n\t\t<div class=\"elementor-element elementor-element-7f5e1e1 e-flex e-con-boxed e-con e-parent\" data-id=\"7f5e1e1\" data-element_type=\"container\" data-e-type=\"container\">\n\t\t\t\t\t<div class=\"e-con-inner\">\n\t\t\t\t<div class=\"elementor-element elementor-element-27f9173 elementor-widget elementor-widget-text-editor\" data-id=\"27f9173\" data-element_type=\"widget\" data-e-type=\"widget\" data-widget_type=\"text-editor.default\">\n\t\t\t\t<div class=\"elementor-widget-container\">\n\t\t\t\t\t\t\t\t\t<h4><strong>R\u00fccksendungen<\/strong><\/h4><p>Der Verbraucher (dies gilt ausschlie\u00dflich f\u00fcr nat\u00fcrliche Personen, die Waren zu Zwecken au\u00dferhalb ihrer Erwerbst\u00e4tigkeit erwerben) hat das Recht, das Unternehmen innerhalb von 14 Tagen nach Erhalt der Ware (per Kontakt-E-Mail-Adresse info@skriprotect.si) zu benachrichtigen, dass er vom Vertrag zur\u00fccktritt, ohne einen Grund f\u00fcr seine Entscheidung angeben zu m\u00fcssen. Die Frist beginnt einen Tag nach dem Datum des Wareneingangs zu laufen. Die Kosten, die den Verbraucher im Zusammenhang mit dem R\u00fccktritt vom Vertrag belasten, sind die Kosten f\u00fcr den Versand der Waren, die nach der Preisliste des Zustelldienstes berechnet werden und vom Gewicht der Waren oder des Pakets abh\u00e4ngen. Die Ware muss sp\u00e4testens innerhalb von<strong> 14 Tage nach der gesendeten Nachricht<\/strong> von der Vertragsr\u00fccktrittsnachricht. Die Ware muss unbesch\u00e4digt, ohne sichtbare Gebrauchsspuren, in unver\u00e4nderter Menge und in unbesch\u00e4digter Verpackung zur\u00fcckgegeben werden.<\/p><p>Die R\u00fcckerstattung erfolgt sofort, sobald der R\u00fccktrittsprozess abgeschlossen ist, jedoch sp\u00e4testens 14 Tage nach Erhalt der R\u00fccktrittsnachricht. Der Verbraucher kann vom Kauf zur\u00fccktreten, indem er eine eindeutige Erkl\u00e4rung abgibt, die klar seinen Willen zum R\u00fccktritt vom Vertrag zeigt.<\/p><p>Um die Sicherheit, Genauigkeit und rechtzeitige R\u00fcckerstattung zu gew\u00e4hrleisten und einen Nachweis \u00fcber die Zahlungen zu erbringen, erfolgt die R\u00fcckerstattung ausschlie\u00dflich mit der gleichen Zahlungsmethode, die der K\u00e4ufer beim Kauf verwendet hat.<\/p><p>Das Recht auf Umtausch von Waren, Erstattung des Kaufpreises, Garantie, wesentliche M\u00e4ngel und unsachgem\u00e4\u00df ausgef\u00fchrte Dienstleistungen werden durch die Bestimmungen des Verbraucherschutzgesetzes n\u00e4her geregelt.<\/p><p><strong>Produkte, die mit einem Aufdruck (Name, Spitzname oder ein anderes personalisiertes Motiv) versehen sind, k\u00f6nnen nicht zur\u00fcckgegeben oder umgetauscht werden.<\/strong> (Name, Spitzname oder anderes angepasstes Motiv), <strong>ist nicht m\u00f6glich<\/strong>. <br \/>Eine R\u00fcckerstattung ist nicht m\u00f6glich f\u00fcr Artikel, die nach den genauen Anweisungen des Verbrauchers hergestellt und an seine pers\u00f6nlichen Bed\u00fcrfnisse angepasst wurden (Personalisierung).<\/p><p>R\u00fccksendeadresse: SKIPROTECT, Kozari\u0161\u010de 65, 1386 Stari trg pri Lo\u017e, Slowenien<\/p>\t\t\t\t\t\t\t\t<\/div>\n\t\t\t\t<\/div>\n\t\t\t\t\t<\/div>\n\t\t\t\t<\/div>\n\t\t<div class=\"elementor-element elementor-element-05aba1c e-flex e-con-boxed e-con e-parent\" data-id=\"05aba1c\" data-element_type=\"container\" data-e-type=\"container\">\n\t\t\t\t\t<div class=\"e-con-inner\">\n\t\t\t\t<div class=\"elementor-element elementor-element-a03396d elementor-widget elementor-widget-text-editor\" data-id=\"a03396d\" data-element_type=\"widget\" data-e-type=\"widget\" data-widget_type=\"text-editor.default\">\n\t\t\t\t<div class=\"elementor-widget-container\">\n\t\t\t\t\t\t\t\t\t<p><strong>F\u00fcr alle weiteren Fragen und Erkl\u00e4rungen stehen wir Ihnen unter info@skriprotect.si zur Verf\u00fcgung.<\/strong><\/p>\t\t\t\t\t\t\t\t<\/div>\n\t\t\t\t<\/div>\n\t\t\t\t<div class=\"elementor-element elementor-element-b117460 elementor-widget elementor-widget-text-editor\" data-id=\"b117460\" data-element_type=\"widget\" data-e-type=\"widget\" data-widget_type=\"text-editor.default\">\n\t\t\t\t<div class=\"elementor-widget-container\">\n\t\t\t\t\t\t\t\t\t<p><b>Version <\/b>1.0.<b><br \/>Ver\u00f6ffentlicht: <\/b>10.02.2025<b><br \/><\/b><\/p>\t\t\t\t\t\t\t\t<\/div>\n\t\t\t\t<\/div>\n\t\t\t\t\t<\/div>\n\t\t\t\t<\/div>\n\t\t<div class=\"elementor-element elementor-element-35403e5 e-flex e-con-boxed e-con e-parent\" data-id=\"35403e5\" data-element_type=\"container\" data-e-type=\"container\">\n\t\t\t\t\t<div class=\"e-con-inner\">\n\t\t\t\t<div class=\"elementor-element elementor-element-25160a2 elementor-widget elementor-widget-text-editor\" data-id=\"25160a2\" data-element_type=\"widget\" data-e-type=\"widget\" data-widget_type=\"text-editor.default\">\n\t\t\t\t<div class=\"elementor-widget-container\">\n\t\t\t\t\t\t\t\t\t<p>Beim Einkauf im Online-Shop stimmt der K\u00e4ufer den allgemeinen Gesch\u00e4ftsbedingungen zu, die eine Erg\u00e4nzung unserer R\u00fcckgabe- und Lieferpolitik sind.<br \/>Die Allgemeinen Gesch\u00e4ftsbedingungen sind unter der nachstehenden Adresse ver\u00f6ffentlicht:<br \/><a href=\"https:\/\/skiprotect.si\/de\/general-terms-and-conditions\/\">https:\/\/skiprotect.si\/general-terms-and-conditions\/<\/a><\/p>\t\t\t\t\t\t\t\t<\/div>\n\t\t\t\t<\/div>\n\t\t\t\t\t<\/div>\n\t\t\t\t<\/div>\n\t\t\t\t<\/div>","protected":false},"excerpt":{"rendered":"<p>Vra\u010dila in dostava izdelkov Verzija: 1.0. Dostava Nudimo dostavo na slede\u010da obmo\u010dja in dr\u017eave:Avstrija, Belgija, Bulgarija, \u010ce\u0161ka, Danska, Estonija, Finska, Francija, Gr\u010dija, Hrva\u0161ka, Irska, Italija, Latvija, Litva, Luxemburg, Mand\u017earska, Nem\u010dija, Nizozemska, Poljska, Portugalska, Romunija, Slova\u0161ka, Slovenija, \u0160panija, \u0160vedska, \u0160vica. \u010cas dostave artiklov je odvisen od va\u0161e lokacije in izbranega na\u010dina dostave. Okviren \u010das dostave izdelkov [&hellip;]<\/p>\n","protected":false},"author":83363282,"featured_media":0,"parent":0,"menu_order":0,"comment_status":"closed","ping_status":"closed","template":"","meta":{"jetpack_post_was_ever_published":false,"footnotes":""},"class_list":["post-756","page","type-page","status-publish","hentry"],"aioseo_notices":[],"jetpack_likes_enabled":false,"jetpack_shortlink":"https:\/\/wp.me\/PfuOuG-cc","jetpack-related-posts":[{"id":40,"url":"https:\/\/skiprotect.si\/de\/general-terms-and-conditions\/","url_meta":{"origin":756,"position":0},"title":"Allgemeine Bedingungen und Konditionen","author":"DominiqueTB","date":"April 29, 2024","format":false,"excerpt":"Splo\u0161ni pogoji poslovanja Verzija: 1.1.Predhodna dolo\u010dila:Z uporabo na\u0161e spletne strani in nakupom na\u0161ih izdelkov se strinjate s spodaj navedenimi splo\u0161nimi pogoji. Prosimo, da si jih skrbno preberete.Splo\u0161ni pogoji spletne trgovine skiprotect.si so sestavljeni v skladu z Zakonom o varstvu potro\u0161nikov (ZVPot), Zakonom o varstvu osebnih podatkov (ZVOP-1) ter Zakonom o\u2026","rel":"","context":"\u00c4hnlicher Beitrag","block_context":{"text":"\u00c4hnlicher Beitrag","link":""},"img":{"alt_text":"","src":"","width":0,"height":0},"classes":[]},{"id":727,"url":"https:\/\/skiprotect.si\/de\/privacy-policy\/","url_meta":{"origin":756,"position":1},"title":"Privacy policy","author":"Mammoth","date":"Februar 2, 2025","format":false,"excerpt":"Politika varovanja osebnih podatkov Objavleno: 01.02.2025Datum zadnje spremembe: 01.02.2025Razli\u010dica 1.0Z osebnimi podatki v podjetju Tereza translations, Dominique Tereza Braakman s.p. (v nadaljevanju: ponudnik), ravnamo skladno z Zakonom o varstvu osebnih podatkov, splo\u0161no uredno o varstvu podatkov SUVP (GDPR) in internim pravilnikom, ki ureja obdelavo osebnih podatkov, postopke in ukrepe zavarovanja\u2026","rel":"","context":"\u00c4hnlicher Beitrag","block_context":{"text":"\u00c4hnlicher Beitrag","link":""},"img":{"alt_text":"","src":"","width":0,"height":0},"classes":[]},{"id":1,"url":"https:\/\/skiprotect.si\/de\/about\/","url_meta":{"origin":756,"position":2},"title":"\u00dcber uns","author":"DominiqueTB","date":"Februar 5, 2024","format":false,"excerpt":"O nas SKIPROTECT Smo mlado in inovativno podjetje, specializirano za izdelavo visokokakovostnih ski sleeves, ki nudijo najbolj\u0161o mo\u017eno za\u0161\u010dito za va\u0161e smu\u010di. Na\u0161e poslanstvo je zagotoviti, da so tvoje smu\u010di varno shranjene in za\u0161\u010ditene ne glede na to, ali si na poti na smu\u010di\u0161\u010de ali pa jih shranjuje\u0161 do naslednje\u2026","rel":"","context":"\u00c4hnlicher Beitrag","block_context":{"text":"\u00c4hnlicher Beitrag","link":""},"img":{"alt_text":"","src":"https:\/\/i0.wp.com\/skiprotect.si\/wp-content\/uploads\/2024\/08\/skiprotect-tip-1.jpg?resize=350%2C200&ssl=1","width":350,"height":200,"srcset":"https:\/\/i0.wp.com\/skiprotect.si\/wp-content\/uploads\/2024\/08\/skiprotect-tip-1.jpg?resize=350%2C200&ssl=1 1x, https:\/\/i0.wp.com\/skiprotect.si\/wp-content\/uploads\/2024\/08\/skiprotect-tip-1.jpg?resize=525%2C300&ssl=1 1.5x, https:\/\/i0.wp.com\/skiprotect.si\/wp-content\/uploads\/2024\/08\/skiprotect-tip-1.jpg?resize=700%2C400&ssl=1 2x"},"classes":[]},{"id":211,"url":"https:\/\/skiprotect.si\/de\/veleprodaja\/","url_meta":{"origin":756,"position":3},"title":"Gro\u00dfhandel","author":"DominiqueTB","date":"September 6, 2024","format":false,"excerpt":"Veleprodaja Postanite na\u0161 partner Ste trgovec ali distributer \u0161portne opreme, ki i\u0161\u010de zanesljivega dobavitelja vrhunske za\u0161\u010dite za smu\u010di? SKIPROTECT vam ponuja odli\u010dno prilo\u017enost za sodelovanje v veleprodaji na\u0161ih inovativnih neoprenskih za\u0161\u010dit za smu\u010di, ki zagotavljajo vrhunsko za\u0161\u010dito in zadovoljstvo strank.Za veleprodajne partnerje imamo pripravljene profesionalne slike izdelkov in podrobne opise\u2026","rel":"","context":"\u00c4hnlicher Beitrag","block_context":{"text":"\u00c4hnlicher Beitrag","link":""},"img":{"alt_text":"","src":"https:\/\/i0.wp.com\/skiprotect.si\/wp-content\/uploads\/2024\/08\/skiprotect-full.jpg?resize=350%2C200&ssl=1","width":350,"height":200,"srcset":"https:\/\/i0.wp.com\/skiprotect.si\/wp-content\/uploads\/2024\/08\/skiprotect-full.jpg?resize=350%2C200&ssl=1 1x, https:\/\/i0.wp.com\/skiprotect.si\/wp-content\/uploads\/2024\/08\/skiprotect-full.jpg?resize=525%2C300&ssl=1 1.5x, https:\/\/i0.wp.com\/skiprotect.si\/wp-content\/uploads\/2024\/08\/skiprotect-full.jpg?resize=700%2C400&ssl=1 2x"},"classes":[]},{"id":505,"url":"https:\/\/skiprotect.si\/de\/","url_meta":{"origin":756,"position":4},"title":"Startseite","author":"Mammoth","date":"Februar 2, 2025","format":false,"excerpt":"SKIPROTECT Za\u0161\u010diti svoje smu\u010di s slogom! Najbolj\u0161a neoprenska za\u0161\u010dita za va\u0161e smu\u010di Poglej ponudbo Za\u0161\u010diti svoje smu\u010di Za\u0161\u010diti svoje smu\u010di s slogom! Na\u0161a elegantna neoprenska za\u0161\u010dita bo tvoje smu\u010di ohranila v popolnem stanju, pripravljene na novo pustolov\u0161\u010dino na belih strminah. Naro\u010di svoje Preberi ve\u010d Novo Ponosno predstavljamo na\u0161o inovativno linijo\u2026","rel":"","context":"\u00c4hnlicher Beitrag","block_context":{"text":"\u00c4hnlicher Beitrag","link":""},"img":{"alt_text":"","src":"https:\/\/i0.wp.com\/skiprotect.si\/wp-content\/uploads\/2025\/11\/ISPO_2025_Ausstellerbanner_234x60_EN0.png?resize=350%2C200&ssl=1","width":350,"height":200},"classes":[]},{"id":115,"url":"https:\/\/skiprotect.si\/de\/checkout\/","url_meta":{"origin":756,"position":5},"title":"Zahlung","author":"","date":"September 2, 2024","format":false,"excerpt":"\u00a0 \u00a0 \u00a0 \u00a0 \u00a0 \u00a0 \u00a0 \u00a0 \u00a0 \u00a0 Ob oddaji naro\u010dila sprejemate tudi na\u0161o politiko \u00a0 \u00a0 \u00a0 \u00a0 \u00a0 \u00a0 \u00a0 \u00a0 \u00a0 Varno pla\u010dilo preko spleta Hitra dostava po EU Mo\u017enost vra\u010dila v 14 dneh","rel":"","context":"\u00c4hnlicher Beitrag","block_context":{"text":"\u00c4hnlicher Beitrag","link":""},"img":{"alt_text":"","src":"","width":0,"height":0},"classes":[]}],"jetpack_sharing_enabled":true,"_links":{"self":[{"href":"https:\/\/skiprotect.si\/de\/wp-json\/wp\/v2\/pages\/756","targetHints":{"allow":["GET"]}}],"collection":[{"href":"https:\/\/skiprotect.si\/de\/wp-json\/wp\/v2\/pages"}],"about":[{"href":"https:\/\/skiprotect.si\/de\/wp-json\/wp\/v2\/types\/page"}],"author":[{"embeddable":true,"href":"https:\/\/skiprotect.si\/de\/wp-json\/wp\/v2\/users\/83363282"}],"replies":[{"embeddable":true,"href":"https:\/\/skiprotect.si\/de\/wp-json\/wp\/v2\/comments?post=756"}],"version-history":[{"count":19,"href":"https:\/\/skiprotect.si\/de\/wp-json\/wp\/v2\/pages\/756\/revisions"}],"predecessor-version":[{"id":905,"href":"https:\/\/skiprotect.si\/de\/wp-json\/wp\/v2\/pages\/756\/revisions\/905"}],"wp:attachment":[{"href":"https:\/\/skiprotect.si\/de\/wp-json\/wp\/v2\/media?parent=756"}],"curies":[{"name":"wp","href":"https:\/\/api.w.org\/{rel}","templated":true}]}}