{"id":1216,"date":"2025-11-22T10:52:24","date_gmt":"2025-11-22T09:52:24","guid":{"rendered":"https:\/\/skiprotect.si\/?post_type=product&#038;p=1216"},"modified":"2026-02-17T12:41:10","modified_gmt":"2026-02-17T11:41:10","slug":"skiprotect-cross-country-ski-sleeve-uni-size","status":"publish","type":"product","link":"https:\/\/skiprotect.si\/de\/product\/skiprotect-cross-country-ski-sleeve-uni-size\/","title":{"rendered":"SKIPROTECT Cross-country ski sleeve, Einheitsgr\u00f6\u00dfe"},"content":{"rendered":"<p style=\"text-align: left;\">Der erste Neopren-Schutz speziell f\u00fcr Langlaufski! SKIPROTECT sorgt f\u00fcr die sichere, saubere und komfortable Aufbewahrung und den Transport Ihrer Ski und St\u00f6cke \u2013 egal ob beim Training, Wettkampf oder auf dem Weg in die Piste. Das dehnbare Neopren passt sich perfekt an Ski und St\u00f6cke an und sch\u00fctzt die gewachste Gleitfl\u00e4che und die Kanten vor Besch\u00e4digungen, Kratzern und Feuchtigkeit.<\/p>\n<p>Eine spezielle Kunststoffkappe sch\u00fctzt die Skispitzen zus\u00e4tzlich vor St\u00f6\u00dfen, w\u00e4hrend der integrierte Tragegriff ein einfaches Tragen ohne Tasche oder Gurte erm\u00f6glicht. Das universelle Design passt f\u00fcr alle Langlaufski-Typen.<\/p>\n<h3 data-start=\"958\" data-end=\"983\"><strong data-start=\"962\" data-end=\"983\">Produktvorteile<\/strong><\/h3>\n<ul>\n<li data-start=\"984\" data-end=\"1388\">Dehnbares Neopren \u2013 passt sich der Breite und dem Profil von Langlaufskiern an<\/li>\n<li data-start=\"984\" data-end=\"1388\">Geeignet f\u00fcr <strong data-start=\"1069\" data-end=\"1099\">sowohl Skier als auch St\u00f6cke zusammen<\/strong><\/li>\n<li data-start=\"984\" data-end=\"1388\">Die Kunststoffkappe sch\u00fctzt die Spitzen vor St\u00f6\u00dfen und Abnutzung.<\/li>\n<li data-start=\"984\" data-end=\"1388\">Wirksamer Schutz der Gleitfl\u00e4che, der Kanten und des Wachses<\/li>\n<li data-start=\"984\" data-end=\"1388\">Reduziert Reibung und Besch\u00e4digungen beim Transport<\/li>\n<li data-start=\"984\" data-end=\"1388\" class=\"translation-block\">Integrierter <strong data-start=\"1272\" data-end=\"1295\">Tragegriff<\/strong><\/li>\n<li data-start=\"984\" data-end=\"1388\">Leicht, kompakt und einfach zu bedienen<\/li>\n<li data-start=\"984\" data-end=\"1388\">Universelle Gr\u00f6\u00dfe f\u00fcr alle Langlaufski<\/li>\n<\/ul>\n<hr data-start=\"1390\" data-end=\"1393\" \/>\n<h3 data-start=\"1395\" data-end=\"1419\"><strong data-start=\"1399\" data-end=\"1419\">F\u00fcr wen ist es gedacht?<\/strong><\/h3>\n<ul>\n<li data-start=\"1420\" data-end=\"1585\">Freizeitl\u00e4ufer<\/li>\n<li data-start=\"1420\" data-end=\"1585\">Profisportler<\/li>\n<li data-start=\"1420\" data-end=\"1585\">Skivereine und Schulen<\/li>\n<li data-start=\"1420\" data-end=\"1585\">F\u00fcr Reisende und Wettbewerber<\/li>\n<li data-start=\"1420\" data-end=\"1585\">F\u00fcr alle, die die Lebensdauer ihrer Skier verl\u00e4ngern m\u00f6chten<\/li>\n<\/ul>\n<hr data-start=\"1587\" data-end=\"1590\" \/>\n<h3 data-start=\"1592\" data-end=\"1625\"><strong data-start=\"1596\" data-end=\"1625\">Warum SKIPROTECT w\u00e4hlen?<\/strong><\/h3>\n<p data-start=\"1626\" data-end=\"1806\">Denn Langlaufski verdienen einen speziell auf sie zugeschnittenen Schutz \u2013 keinen umfunktionierten Skiprotektor. Dieser Neopren-Skiprotektor vereint Funktionalit\u00e4t, Sicherheit und ein stylisches Design in einem Produkt.<\/p>","protected":false},"excerpt":{"rendered":"<p style=\"text-align: left;\">Der erste Neopren-Schutz speziell f\u00fcr Langlaufski! SKIPROTECT sorgt f\u00fcr die sichere, saubere und komfortable Aufbewahrung und den Transport Ihrer Ski und St\u00f6cke \u2013 egal ob beim Training, Wettkampf oder auf dem Weg in die Piste. Das dehnbare Neopren passt sich perfekt an Ski und St\u00f6cke an und sch\u00fctzt die gewachste Gleitfl\u00e4che und die Kanten vor Besch\u00e4digungen, Kratzern und Feuchtigkeit.<\/p>\n<p>Eine spezielle Kunststoffkappe sch\u00fctzt die Skispitzen zus\u00e4tzlich vor St\u00f6\u00dfen, w\u00e4hrend der integrierte Tragegriff ein einfaches Tragen ohne Tasche oder Gurte erm\u00f6glicht. Das universelle Design passt f\u00fcr alle Langlaufski-Typen.<\/p>","protected":false},"featured_media":1228,"comment_status":"open","ping_status":"closed","template":"","meta":{"jetpack_publicize_message":"","jetpack_publicize_feature_enabled":true,"jetpack_social_post_already_shared":true,"jetpack_social_options":{"image_generator_settings":{"template":"highway","default_image_id":0,"font":"","enabled":false},"version":2},"_wpas_customize_per_network":false},"product_brand":[],"product_cat":[],"product_tag":[],"class_list":{"0":"post-1216","1":"product","2":"type-product","3":"status-publish","4":"has-post-thumbnail","6":"product_shipping_class-dostava-evropa","8":"first","9":"instock","10":"sale","11":"purchasable","12":"product-type-simple"},"aioseo_notices":[],"jetpack_publicize_connections":[],"jetpack_likes_enabled":false,"jetpack-related-posts":[{"id":124,"url":"https:\/\/skiprotect.si\/de\/product\/skiprotect-ski-sleeve-s\/","url_meta":{"origin":1216,"position":0},"title":"SKIPROTECT Skimanschette S (140-154cm)","author":"DominiqueTB","date":"September 2, 2024","format":false,"excerpt":"Der Neopren-Skischutz ist die perfekte Wahl f\u00fcr alle Skifahrer, die ihre Skier beim Transport und bei der Lagerung optimal sch\u00fctzen wollen.","rel":"","context":"\u00c4hnlicher Beitrag","block_context":{"text":"\u00c4hnlicher Beitrag","link":""},"img":{"alt_text":"","src":"https:\/\/i0.wp.com\/skiprotect.si\/wp-content\/uploads\/2024\/09\/Untitled-Session00033-%E2%80%93-kopija.jpg?fit=1200%2C888&ssl=1&resize=350%2C200","width":350,"height":200,"srcset":"https:\/\/i0.wp.com\/skiprotect.si\/wp-content\/uploads\/2024\/09\/Untitled-Session00033-%E2%80%93-kopija.jpg?fit=1200%2C888&ssl=1&resize=350%2C200 1x, https:\/\/i0.wp.com\/skiprotect.si\/wp-content\/uploads\/2024\/09\/Untitled-Session00033-%E2%80%93-kopija.jpg?fit=1200%2C888&ssl=1&resize=525%2C300 1.5x, https:\/\/i0.wp.com\/skiprotect.si\/wp-content\/uploads\/2024\/09\/Untitled-Session00033-%E2%80%93-kopija.jpg?fit=1200%2C888&ssl=1&resize=700%2C400 2x, https:\/\/i0.wp.com\/skiprotect.si\/wp-content\/uploads\/2024\/09\/Untitled-Session00033-%E2%80%93-kopija.jpg?fit=1200%2C888&ssl=1&resize=1050%2C600 3x"},"classes":[]},{"id":140,"url":"https:\/\/skiprotect.si\/de\/product\/skiprotect-ski-sleeve-l\/","url_meta":{"origin":1216,"position":1},"title":"SKIPROTECT Skischutz L (170-185cm)","author":"DominiqueTB","date":"September 3, 2024","format":false,"excerpt":"Der Neopren-Skischutz ist die perfekte Wahl f\u00fcr alle Skifahrer, die ihre Skier beim Transport und bei der Lagerung optimal sch\u00fctzen wollen.","rel":"","context":"\u00c4hnlicher Beitrag","block_context":{"text":"\u00c4hnlicher Beitrag","link":""},"img":{"alt_text":"","src":"https:\/\/i0.wp.com\/skiprotect.si\/wp-content\/uploads\/2024\/09\/Untitled-Session00033-%E2%80%93-kopija.jpg?fit=1200%2C888&ssl=1&resize=350%2C200","width":350,"height":200,"srcset":"https:\/\/i0.wp.com\/skiprotect.si\/wp-content\/uploads\/2024\/09\/Untitled-Session00033-%E2%80%93-kopija.jpg?fit=1200%2C888&ssl=1&resize=350%2C200 1x, https:\/\/i0.wp.com\/skiprotect.si\/wp-content\/uploads\/2024\/09\/Untitled-Session00033-%E2%80%93-kopija.jpg?fit=1200%2C888&ssl=1&resize=525%2C300 1.5x, https:\/\/i0.wp.com\/skiprotect.si\/wp-content\/uploads\/2024\/09\/Untitled-Session00033-%E2%80%93-kopija.jpg?fit=1200%2C888&ssl=1&resize=700%2C400 2x, https:\/\/i0.wp.com\/skiprotect.si\/wp-content\/uploads\/2024\/09\/Untitled-Session00033-%E2%80%93-kopija.jpg?fit=1200%2C888&ssl=1&resize=1050%2C600 3x"},"classes":[]},{"id":139,"url":"https:\/\/skiprotect.si\/de\/product\/skiprotect-ski-sleeve-m\/","url_meta":{"origin":1216,"position":2},"title":"SKIPROTECT Skimanschette M (155-169cm)","author":"DominiqueTB","date":"September 3, 2024","format":false,"excerpt":"Der Neopren-Skischutz ist die perfekte Wahl f\u00fcr alle Skifahrer, die ihre Skier beim Transport und bei der Lagerung optimal sch\u00fctzen wollen.","rel":"","context":"\u00c4hnlicher Beitrag","block_context":{"text":"\u00c4hnlicher Beitrag","link":""},"img":{"alt_text":"","src":"https:\/\/i0.wp.com\/skiprotect.si\/wp-content\/uploads\/2024\/09\/Untitled-Session00033-%E2%80%93-kopija.jpg?fit=1200%2C888&ssl=1&resize=350%2C200","width":350,"height":200,"srcset":"https:\/\/i0.wp.com\/skiprotect.si\/wp-content\/uploads\/2024\/09\/Untitled-Session00033-%E2%80%93-kopija.jpg?fit=1200%2C888&ssl=1&resize=350%2C200 1x, https:\/\/i0.wp.com\/skiprotect.si\/wp-content\/uploads\/2024\/09\/Untitled-Session00033-%E2%80%93-kopija.jpg?fit=1200%2C888&ssl=1&resize=525%2C300 1.5x, https:\/\/i0.wp.com\/skiprotect.si\/wp-content\/uploads\/2024\/09\/Untitled-Session00033-%E2%80%93-kopija.jpg?fit=1200%2C888&ssl=1&resize=700%2C400 2x, https:\/\/i0.wp.com\/skiprotect.si\/wp-content\/uploads\/2024\/09\/Untitled-Session00033-%E2%80%93-kopija.jpg?fit=1200%2C888&ssl=1&resize=1050%2C600 3x"},"classes":[]},{"id":400,"url":"https:\/\/skiprotect.si\/de\/product\/400\/","url_meta":{"origin":1216,"position":3},"title":"Individueller Druck des Namens oder Spitznamens","author":"DominiqueTB","date":"Dezember 12, 2024","format":false,"excerpt":"Zeigen Sie Ihren Stil und verleihen Sie Ihrem Skischutz eine pers\u00f6nliche Note mit unserem individuellen Namens- oder Spitznamen-Druckservice. SKIPROTECT ist nicht nur ein Produkt, das die Sicherheit Ihrer Skier gew\u00e4hrleistet, sondern auch ein Ausdruck Ihrer Individualit\u00e4t!","rel":"","context":"\u00c4hnlicher Beitrag","block_context":{"text":"\u00c4hnlicher Beitrag","link":""},"img":{"alt_text":"","src":"https:\/\/i0.wp.com\/skiprotect.si\/wp-content\/uploads\/2024\/02\/IMAGE_20241123_102046_677-e1733995435687.jpg?fit=968%2C1200&ssl=1&resize=350%2C200","width":350,"height":200,"srcset":"https:\/\/i0.wp.com\/skiprotect.si\/wp-content\/uploads\/2024\/02\/IMAGE_20241123_102046_677-e1733995435687.jpg?fit=968%2C1200&ssl=1&resize=350%2C200 1x, https:\/\/i0.wp.com\/skiprotect.si\/wp-content\/uploads\/2024\/02\/IMAGE_20241123_102046_677-e1733995435687.jpg?fit=968%2C1200&ssl=1&resize=525%2C300 1.5x, https:\/\/i0.wp.com\/skiprotect.si\/wp-content\/uploads\/2024\/02\/IMAGE_20241123_102046_677-e1733995435687.jpg?fit=968%2C1200&ssl=1&resize=700%2C400 2x"},"classes":[]}],"jetpack_sharing_enabled":true,"_links":{"self":[{"href":"https:\/\/skiprotect.si\/de\/wp-json\/wp\/v2\/product\/1216","targetHints":{"allow":["GET"]}}],"collection":[{"href":"https:\/\/skiprotect.si\/de\/wp-json\/wp\/v2\/product"}],"about":[{"href":"https:\/\/skiprotect.si\/de\/wp-json\/wp\/v2\/types\/product"}],"replies":[{"embeddable":true,"href":"https:\/\/skiprotect.si\/de\/wp-json\/wp\/v2\/comments?post=1216"}],"wp:featuredmedia":[{"embeddable":true,"href":"https:\/\/skiprotect.si\/de\/wp-json\/wp\/v2\/media\/1228"}],"wp:attachment":[{"href":"https:\/\/skiprotect.si\/de\/wp-json\/wp\/v2\/media?parent=1216"}],"wp:term":[{"taxonomy":"product_brand","embeddable":true,"href":"https:\/\/skiprotect.si\/de\/wp-json\/wp\/v2\/product_brand?post=1216"},{"taxonomy":"product_cat","embeddable":true,"href":"https:\/\/skiprotect.si\/de\/wp-json\/wp\/v2\/product_cat?post=1216"},{"taxonomy":"product_tag","embeddable":true,"href":"https:\/\/skiprotect.si\/de\/wp-json\/wp\/v2\/product_tag?post=1216"}],"curies":[{"name":"wp","href":"https:\/\/api.w.org\/{rel}","templated":true}]}}