{"id":140,"date":"2024-09-03T11:45:29","date_gmt":"2024-09-03T09:45:29","guid":{"rendered":"https:\/\/skiprotect.si\/?post_type=product&#038;p=140"},"modified":"2025-09-23T13:08:04","modified_gmt":"2025-09-23T11:08:04","slug":"skiprotect-ski-sleeve-l","status":"publish","type":"product","link":"https:\/\/skiprotect.si\/en\/product\/skiprotect-ski-sleeve-l\/","title":{"rendered":"SKIPROTECT Ski sleeve L    (170-185cm)"},"content":{"rendered":"<p>Neoprene ski sleeves are the perfect choice for all skiers who want to provide their skis with superior protection against damage during transport and storage. Made of durable and flexible neoprene, this protection effectively protects the edges and surface of the skis from scratches, impacts and moisture. Easy installation and removal allows quick access to the skis, while the compact design ensures that the protection takes up minimal space. With neoprene ski sleeves, your skis will always be ready for new snow adventures!<\/p>\n<p>&nbsp;<\/p>\n<p>Size L is suitable for skis between 170 and 184 cm.<\/p>\n<p>&nbsp;<\/p>\n<p><strong>Quick guide and storage tips<\/strong><\/p>\n<p><strong>Immediate action: <\/strong>As soon as you come indoors, remove your skis from the neoprene sleeve.<\/p>\n<p><strong>Shake off excess moisture outdoors or over a sink\/bathtub: <\/strong>Simply shake your SKIPROTECT to remove as much snow and moisture as possible.<\/p>\n<p><strong>Spot clean: <\/strong>Use a damp cloth to wipe off any dirt, mud, or salt that might have accumulated on the surface.<\/p>\n<p><strong>Mild soap solution: <\/strong>For more stubborn stains, use a mild soap mixed with water. Gently scrub the affected areas with a soft cloth or sponge. Avoid using harsh chemicals or detergents as they can degrade the protective neoprene material.<\/p>\n<p><strong>Inside out: <\/strong>Turn the sleeve inside out to ensure both the exterior and interior dry completely. This helps prevent mold and growth of mildew.<\/p>\n<p><strong>Air dry: <\/strong>Place the sleeve in a well-ventilated area to air dry. Avoid direct sunlight or heat sources such as radiators, as excessive heat can damage the neoprene.<\/p>\n<p><strong>Cool, dry place: <\/strong>Store the sleeve in a cool, dry place away from direct sunlight and extreme temperatures.<\/p>\n<p><strong>Flat storage:<\/strong> Once completely dry, store the neoprene sleeve flat or loosely rolled to prevent creases and maintain its shape.<\/p>\n<p><strong>Avoid compression:<\/strong>Do not store heavy objects on top of the sleeve as this can cause permanent creasing or damage to the neoprene. You want to keep as much of the protective layer as possible.<\/p>","protected":false},"excerpt":{"rendered":"<p>Neoprene ski sleeves are the perfect choice for all skiers who want to provide their skis with superior protection against damage during transport and storage.<\/p>","protected":false},"featured_media":196,"comment_status":"open","ping_status":"closed","template":"","meta":{"jetpack_post_was_ever_published":false,"jetpack_publicize_message":"","jetpack_publicize_feature_enabled":true,"jetpack_social_post_already_shared":true,"jetpack_social_options":{"image_generator_settings":{"template":"highway","default_image_id":0,"font":"","enabled":false},"version":2},"_wpas_customize_per_network":false},"product_brand":[],"product_cat":[],"product_tag":[],"class_list":{"0":"post-140","1":"product","2":"type-product","3":"status-publish","4":"has-post-thumbnail","6":"product_shipping_class-dostava-evropa","8":"first","9":"instock","10":"sale","11":"taxable","12":"shipping-taxable","13":"purchasable","14":"product-type-simple"},"aioseo_notices":[],"jetpack_publicize_connections":[],"jetpack_likes_enabled":false,"jetpack-related-posts":[{"id":124,"url":"https:\/\/skiprotect.si\/en\/product\/skiprotect-ski-sleeve-s\/","url_meta":{"origin":140,"position":0},"title":"SKIPROTECT Ski sleeve S (140-154cm)","author":"DominiqueTB","date":"September 2, 2024","format":false,"excerpt":"Neoprene ski sleeves are the perfect choice for all skiers who want to provide their skis with superior protection against damage during transport and storage.","rel":"","context":"Similar post","block_context":{"text":"Similar post","link":""},"img":{"alt_text":"","src":"https:\/\/i0.wp.com\/skiprotect.si\/wp-content\/uploads\/2024\/09\/Untitled-Session00033-%E2%80%93-kopija.jpg?fit=1200%2C888&ssl=1&resize=350%2C200","width":350,"height":200,"srcset":"https:\/\/i0.wp.com\/skiprotect.si\/wp-content\/uploads\/2024\/09\/Untitled-Session00033-%E2%80%93-kopija.jpg?fit=1200%2C888&ssl=1&resize=350%2C200 1x, https:\/\/i0.wp.com\/skiprotect.si\/wp-content\/uploads\/2024\/09\/Untitled-Session00033-%E2%80%93-kopija.jpg?fit=1200%2C888&ssl=1&resize=525%2C300 1.5x, https:\/\/i0.wp.com\/skiprotect.si\/wp-content\/uploads\/2024\/09\/Untitled-Session00033-%E2%80%93-kopija.jpg?fit=1200%2C888&ssl=1&resize=700%2C400 2x, https:\/\/i0.wp.com\/skiprotect.si\/wp-content\/uploads\/2024\/09\/Untitled-Session00033-%E2%80%93-kopija.jpg?fit=1200%2C888&ssl=1&resize=1050%2C600 3x"},"classes":[]},{"id":139,"url":"https:\/\/skiprotect.si\/en\/product\/skiprotect-ski-sleeve-m\/","url_meta":{"origin":140,"position":1},"title":"SKIPROTECT Ski sleeve M (155-169cm)","author":"DominiqueTB","date":"September 3, 2024","format":false,"excerpt":"Neoprene ski sleeves are the perfect choice for all skiers who want to provide their skis with superior protection against damage during transport and storage.","rel":"","context":"Similar post","block_context":{"text":"Similar post","link":""},"img":{"alt_text":"","src":"https:\/\/i0.wp.com\/skiprotect.si\/wp-content\/uploads\/2024\/09\/Untitled-Session00033-%E2%80%93-kopija.jpg?fit=1200%2C888&ssl=1&resize=350%2C200","width":350,"height":200,"srcset":"https:\/\/i0.wp.com\/skiprotect.si\/wp-content\/uploads\/2024\/09\/Untitled-Session00033-%E2%80%93-kopija.jpg?fit=1200%2C888&ssl=1&resize=350%2C200 1x, https:\/\/i0.wp.com\/skiprotect.si\/wp-content\/uploads\/2024\/09\/Untitled-Session00033-%E2%80%93-kopija.jpg?fit=1200%2C888&ssl=1&resize=525%2C300 1.5x, https:\/\/i0.wp.com\/skiprotect.si\/wp-content\/uploads\/2024\/09\/Untitled-Session00033-%E2%80%93-kopija.jpg?fit=1200%2C888&ssl=1&resize=700%2C400 2x, https:\/\/i0.wp.com\/skiprotect.si\/wp-content\/uploads\/2024\/09\/Untitled-Session00033-%E2%80%93-kopija.jpg?fit=1200%2C888&ssl=1&resize=1050%2C600 3x"},"classes":[]},{"id":1216,"url":"https:\/\/skiprotect.si\/en\/product\/skiprotect-cross-country-ski-sleeve-uni-size\/","url_meta":{"origin":140,"position":2},"title":"SKIPROTECT Cross-country ski sleeve, uni size","author":"DominiqueTB","date":"November 22, 2025","format":false,"excerpt":"Prva neoprenska za\u0161\u010dita, zasnovana posebej za teka\u0161ke smu\u010di! SKIPROTECT zagotavlja varno, \u010disto in udobno shranjevanje ter prena\u0161anje smu\u010di in palic, ne glede na to, ali se odpravljate na trening, tekmo ali potovanje v sne\u017ene kraje. Raztegljiv neopren se popolno prilega paru smu\u010di in palic, hkrati pa \u0161\u010diti voskano drsno povr\u0161ino\u2026","rel":"","context":"Similar post","block_context":{"text":"Similar post","link":""},"img":{"alt_text":"","src":"https:\/\/i0.wp.com\/skiprotect.si\/wp-content\/uploads\/2025\/11\/Untitled-Session01302.jpg?fit=1200%2C800&ssl=1&resize=350%2C200","width":350,"height":200,"srcset":"https:\/\/i0.wp.com\/skiprotect.si\/wp-content\/uploads\/2025\/11\/Untitled-Session01302.jpg?fit=1200%2C800&ssl=1&resize=350%2C200 1x, https:\/\/i0.wp.com\/skiprotect.si\/wp-content\/uploads\/2025\/11\/Untitled-Session01302.jpg?fit=1200%2C800&ssl=1&resize=525%2C300 1.5x, https:\/\/i0.wp.com\/skiprotect.si\/wp-content\/uploads\/2025\/11\/Untitled-Session01302.jpg?fit=1200%2C800&ssl=1&resize=700%2C400 2x, https:\/\/i0.wp.com\/skiprotect.si\/wp-content\/uploads\/2025\/11\/Untitled-Session01302.jpg?fit=1200%2C800&ssl=1&resize=1050%2C600 3x"},"classes":[]},{"id":400,"url":"https:\/\/skiprotect.si\/en\/product\/400\/","url_meta":{"origin":140,"position":3},"title":"Custom printing of name or nickname","author":"DominiqueTB","date":"December 12, 2024","format":false,"excerpt":"Show your style and add a personal touch to your ski protection with our custom name or nickname printing service. SKIPROTECT is not only a product that ensures the safety of your skis, but also an expression of your individuality!","rel":"","context":"Similar post","block_context":{"text":"Similar post","link":""},"img":{"alt_text":"","src":"https:\/\/i0.wp.com\/skiprotect.si\/wp-content\/uploads\/2024\/02\/IMAGE_20241123_102046_677-e1733995435687.jpg?fit=968%2C1200&ssl=1&resize=350%2C200","width":350,"height":200,"srcset":"https:\/\/i0.wp.com\/skiprotect.si\/wp-content\/uploads\/2024\/02\/IMAGE_20241123_102046_677-e1733995435687.jpg?fit=968%2C1200&ssl=1&resize=350%2C200 1x, https:\/\/i0.wp.com\/skiprotect.si\/wp-content\/uploads\/2024\/02\/IMAGE_20241123_102046_677-e1733995435687.jpg?fit=968%2C1200&ssl=1&resize=525%2C300 1.5x, https:\/\/i0.wp.com\/skiprotect.si\/wp-content\/uploads\/2024\/02\/IMAGE_20241123_102046_677-e1733995435687.jpg?fit=968%2C1200&ssl=1&resize=700%2C400 2x"},"classes":[]}],"jetpack_sharing_enabled":true,"_links":{"self":[{"href":"https:\/\/skiprotect.si\/en\/wp-json\/wp\/v2\/product\/140","targetHints":{"allow":["GET"]}}],"collection":[{"href":"https:\/\/skiprotect.si\/en\/wp-json\/wp\/v2\/product"}],"about":[{"href":"https:\/\/skiprotect.si\/en\/wp-json\/wp\/v2\/types\/product"}],"replies":[{"embeddable":true,"href":"https:\/\/skiprotect.si\/en\/wp-json\/wp\/v2\/comments?post=140"}],"wp:featuredmedia":[{"embeddable":true,"href":"https:\/\/skiprotect.si\/en\/wp-json\/wp\/v2\/media\/196"}],"wp:attachment":[{"href":"https:\/\/skiprotect.si\/en\/wp-json\/wp\/v2\/media?parent=140"}],"wp:term":[{"taxonomy":"product_brand","embeddable":true,"href":"https:\/\/skiprotect.si\/en\/wp-json\/wp\/v2\/product_brand?post=140"},{"taxonomy":"product_cat","embeddable":true,"href":"https:\/\/skiprotect.si\/en\/wp-json\/wp\/v2\/product_cat?post=140"},{"taxonomy":"product_tag","embeddable":true,"href":"https:\/\/skiprotect.si\/en\/wp-json\/wp\/v2\/product_tag?post=140"}],"curies":[{"name":"wp","href":"https:\/\/api.w.org\/{rel}","templated":true}]}}