{"id":211,"date":"2024-09-06T12:09:22","date_gmt":"2024-09-06T10:09:22","guid":{"rendered":"https:\/\/skiprotect.si\/?page_id=211"},"modified":"2025-02-03T13:35:06","modified_gmt":"2025-02-03T12:35:06","slug":"veleprodaja","status":"publish","type":"page","link":"https:\/\/skiprotect.si\/sv\/veleprodaja\/","title":{"rendered":"Partihandel"},"content":{"rendered":"<div data-elementor-type=\"wp-page\" data-elementor-id=\"211\" class=\"elementor elementor-211\">\n\t\t\t\t<div class=\"elementor-element elementor-element-8a877e3 e-flex e-con-boxed e-con e-parent\" data-id=\"8a877e3\" data-element_type=\"container\" data-e-type=\"container\">\n\t\t\t\t\t<div class=\"e-con-inner\">\n\t\t\t\t<div class=\"elementor-element elementor-element-01ffd79 elementor-widget elementor-widget-heading\" data-id=\"01ffd79\" data-element_type=\"widget\" data-e-type=\"widget\" data-widget_type=\"heading.default\">\n\t\t\t\t<div class=\"elementor-widget-container\">\n\t\t\t\t\t<h1 class=\"elementor-heading-title elementor-size-default\">Partihandel<\/h1>\t\t\t\t<\/div>\n\t\t\t\t<\/div>\n\t\t\t\t\t<\/div>\n\t\t\t\t<\/div>\n\t\t<div class=\"elementor-element elementor-element-1461082 e-flex e-con-boxed e-con e-parent\" data-id=\"1461082\" data-element_type=\"container\" data-e-type=\"container\">\n\t\t\t\t\t<div class=\"e-con-inner\">\n\t\t<div class=\"elementor-element elementor-element-829bad3 e-con-full e-flex e-con e-child\" data-id=\"829bad3\" data-element_type=\"container\" data-e-type=\"container\">\n\t\t\t\t<div class=\"elementor-element elementor-element-bebd207 elementor-widget elementor-widget-heading\" data-id=\"bebd207\" data-element_type=\"widget\" data-e-type=\"widget\" data-widget_type=\"heading.default\">\n\t\t\t\t<div class=\"elementor-widget-container\">\n\t\t\t\t\t<h2 class=\"elementor-heading-title elementor-size-default\">Bli v\u00e5r partner<\/h2>\t\t\t\t<\/div>\n\t\t\t\t<\/div>\n\t\t\t\t<div class=\"elementor-element elementor-element-ba9ce1f elementor-widget elementor-widget-text-editor\" data-id=\"ba9ce1f\" data-element_type=\"widget\" data-e-type=\"widget\" data-widget_type=\"text-editor.default\">\n\t\t\t\t<div class=\"elementor-widget-container\">\n\t\t\t\t\t\t\t\t\t<p>\u00c4r du en \u00e5terf\u00f6rs\u00e4ljare eller distribut\u00f6r av sportutrustning som letar efter en p\u00e5litlig leverant\u00f6r av skidskydd av h\u00f6gsta kvalitet? SKIPROTECT erbjuder dig en utm\u00e4rkt m\u00f6jlighet att delta i grossistledet av v\u00e5ra innovativa skidskydd i neopren, som ger \u00f6verl\u00e4gset skydd och kundn\u00f6jdhet.<\/p><ul><li class=\"translation-block\">Vi har <strong>professionella<\/strong> produktbilder och detaljerade <strong>beskrivningar<\/strong> p\u00e5 flera spr\u00e5k redo f\u00f6r dina grossistpartners, vilket g\u00f6r det enklare f\u00f6r dig att marknadsf\u00f6ra och s\u00e4lja.<\/li><li>V\u00e5rt visuella och inneh\u00e5llsm\u00e4ssiga material \u00e4r optimerat f\u00f6r webb och tryck, vilket m\u00f6jligg\u00f6r snabb och effektiv integrering i dina f\u00f6rs\u00e4ljningskanaler. Med v\u00e5rt st\u00f6d kommer du inte att ha n\u00e5gra problem med att visa upp v\u00e5ra premiumskidskydd i neopren f\u00f6r din marknad.<\/li><\/ul>\t\t\t\t\t\t\t\t<\/div>\n\t\t\t\t<\/div>\n\t\t\t\t<\/div>\n\t\t<div class=\"elementor-element elementor-element-d6dba08 e-con-full e-flex e-con e-child\" data-id=\"d6dba08\" data-element_type=\"container\" data-e-type=\"container\">\n\t\t\t\t<div class=\"elementor-element elementor-element-41d26f0 elementor-widget elementor-widget-image\" data-id=\"41d26f0\" data-element_type=\"widget\" data-e-type=\"widget\" data-widget_type=\"image.default\">\n\t\t\t\t<div class=\"elementor-widget-container\">\n\t\t\t\t\t\t\t\t\t\t\t\t\t\t\t<img fetchpriority=\"high\" decoding=\"async\" data-attachment-id=\"79\" data-permalink=\"https:\/\/skiprotect.si\/sv\/skiprotect-full\/\" data-orig-file=\"https:\/\/i0.wp.com\/skiprotect.si\/wp-content\/uploads\/2024\/08\/skiprotect-full.jpg?fit=2500%2C1667&amp;ssl=1\" data-orig-size=\"2500,1667\" data-comments-opened=\"1\" data-image-meta=\"{&quot;aperture&quot;:&quot;11&quot;,&quot;credit&quot;:&quot;Andraz_Jenkole&quot;,&quot;camera&quot;:&quot;Canon EOS 5D Mark IV&quot;,&quot;caption&quot;:&quot;&quot;,&quot;created_timestamp&quot;:&quot;1723545490&quot;,&quot;copyright&quot;:&quot;&quot;,&quot;focal_length&quot;:&quot;50&quot;,&quot;iso&quot;:&quot;250&quot;,&quot;shutter_speed&quot;:&quot;0.008&quot;,&quot;title&quot;:&quot;&quot;,&quot;orientation&quot;:&quot;0&quot;}\" data-image-title=\"SKIPROTECT FULL\" data-image-description=\"\" data-image-caption=\"\" data-medium-file=\"https:\/\/i0.wp.com\/skiprotect.si\/wp-content\/uploads\/2024\/08\/skiprotect-full.jpg?fit=300%2C200&amp;ssl=1\" data-large-file=\"https:\/\/i0.wp.com\/skiprotect.si\/wp-content\/uploads\/2024\/08\/skiprotect-full.jpg?fit=800%2C533&amp;ssl=1\" width=\"800\" height=\"533\" src=\"https:\/\/i0.wp.com\/skiprotect.si\/wp-content\/uploads\/2024\/08\/skiprotect-full.jpg?fit=800%2C533&amp;ssl=1\" class=\"attachment-large size-large wp-image-79\" alt=\"\" srcset=\"https:\/\/i0.wp.com\/skiprotect.si\/wp-content\/uploads\/2024\/08\/skiprotect-full.jpg?w=2500&amp;ssl=1 2500w, https:\/\/i0.wp.com\/skiprotect.si\/wp-content\/uploads\/2024\/08\/skiprotect-full.jpg?w=1600&amp;ssl=1 1600w, https:\/\/i0.wp.com\/skiprotect.si\/wp-content\/uploads\/2024\/08\/skiprotect-full.jpg?w=2400&amp;ssl=1 2400w\" sizes=\"(max-width: 800px) 100vw, 800px\" \/>\t\t\t\t\t\t\t\t\t\t\t\t\t\t\t<\/div>\n\t\t\t\t<\/div>\n\t\t\t\t<\/div>\n\t\t\t\t\t<\/div>\n\t\t\t\t<\/div>\n\t\t<div class=\"elementor-element elementor-element-f58835e e-flex e-con-boxed e-con e-parent\" data-id=\"f58835e\" data-element_type=\"container\" data-e-type=\"container\">\n\t\t\t\t\t<div class=\"e-con-inner\">\n\t\t\t\t<div class=\"elementor-element elementor-element-85a7c55 elementor-widget elementor-widget-heading\" data-id=\"85a7c55\" data-element_type=\"widget\" data-e-type=\"widget\" data-widget_type=\"heading.default\">\n\t\t\t\t<div class=\"elementor-widget-container\">\n\t\t\t\t\t<h2 class=\"elementor-heading-title elementor-size-default\">Varf\u00f6r arbeta med SKIPROTECT?<\/h2>\t\t\t\t<\/div>\n\t\t\t\t<\/div>\n\t\t\t\t\t<\/div>\n\t\t\t\t<\/div>\n\t\t<div class=\"elementor-element elementor-element-5c4e084 e-flex e-con-boxed e-con e-parent\" data-id=\"5c4e084\" data-element_type=\"container\" data-e-type=\"container\">\n\t\t\t\t\t<div class=\"e-con-inner\">\n\t\t<div class=\"elementor-element elementor-element-b9579ce e-con-full e-flex e-con e-child\" data-id=\"b9579ce\" data-element_type=\"container\" data-e-type=\"container\">\n\t\t\t\t<div class=\"elementor-element elementor-element-7f03899 elementor-widget elementor-widget-heading\" data-id=\"7f03899\" data-element_type=\"widget\" data-e-type=\"widget\" data-widget_type=\"heading.default\">\n\t\t\t\t<div class=\"elementor-widget-container\">\n\t\t\t\t\t<h3 class=\"elementor-heading-title elementor-size-default\">H\u00f6g kvalitet <\/h3>\t\t\t\t<\/div>\n\t\t\t\t<\/div>\n\t\t\t\t<div class=\"elementor-element elementor-element-a76ad51 elementor-widget elementor-widget-text-editor\" data-id=\"a76ad51\" data-element_type=\"widget\" data-e-type=\"widget\" data-widget_type=\"text-editor.default\">\n\t\t\t\t<div class=\"elementor-widget-container\">\n\t\t\t\t\t\t\t\t\t<p>SKIPROTECT neoprenskydd \u00e4r tillverkade av slitstark neopren som effektivt skyddar skidorna fr\u00e5n repor, st\u00f6tar och fukt.<\/p>\t\t\t\t\t\t\t\t<\/div>\n\t\t\t\t<\/div>\n\t\t\t\t<\/div>\n\t\t<div class=\"elementor-element elementor-element-fbabb63 e-con-full e-flex e-con e-child\" data-id=\"fbabb63\" data-element_type=\"container\" data-e-type=\"container\">\n\t\t\t\t<div class=\"elementor-element elementor-element-b4d9976 elementor-widget elementor-widget-heading\" data-id=\"b4d9976\" data-element_type=\"widget\" data-e-type=\"widget\" data-widget_type=\"heading.default\">\n\t\t\t\t<div class=\"elementor-widget-container\">\n\t\t\t\t\t<h3 class=\"elementor-heading-title elementor-size-default\">Attraktiv design<\/h3>\t\t\t\t<\/div>\n\t\t\t\t<\/div>\n\t\t\t\t<div class=\"elementor-element elementor-element-0611377 elementor-widget elementor-widget-text-editor\" data-id=\"0611377\" data-element_type=\"widget\" data-e-type=\"widget\" data-widget_type=\"text-editor.default\">\n\t\t\t\t<div class=\"elementor-widget-container\">\n\t\t\t\t\t\t\t\t\t<p>V\u00e5ra skydd \u00e4r utformade f\u00f6r att kombinera funktionalitet och estetik, vilket ger n\u00f6jda kunder och \u00f6kad efterfr\u00e5gan.<\/p>\t\t\t\t\t\t\t\t<\/div>\n\t\t\t\t<\/div>\n\t\t\t\t<\/div>\n\t\t<div class=\"elementor-element elementor-element-a85199d e-con-full e-flex e-con e-child\" data-id=\"a85199d\" data-element_type=\"container\" data-e-type=\"container\">\n\t\t\t\t<div class=\"elementor-element elementor-element-0f19925 elementor-widget elementor-widget-heading\" data-id=\"0f19925\" data-element_type=\"widget\" data-e-type=\"widget\" data-widget_type=\"heading.default\">\n\t\t\t\t<div class=\"elementor-widget-container\">\n\t\t\t\t\t<h3 class=\"elementor-heading-title elementor-size-default\">Tillf\u00f6rlitlig leverans<\/h3>\t\t\t\t<\/div>\n\t\t\t\t<\/div>\n\t\t\t\t<div class=\"elementor-element elementor-element-56aac89 elementor-widget elementor-widget-text-editor\" data-id=\"56aac89\" data-element_type=\"widget\" data-e-type=\"widget\" data-widget_type=\"text-editor.default\">\n\t\t\t\t<div class=\"elementor-widget-container\">\n\t\t\t\t\t\t\t\t\t<p>SKIPROTECT \u00e5tar sig att leverera snabbt och p\u00e5litligt s\u00e5 att din butik alltid kan vara v\u00e4lfylld.<\/p>\t\t\t\t\t\t\t\t<\/div>\n\t\t\t\t<\/div>\n\t\t\t\t<\/div>\n\t\t\t\t\t<\/div>\n\t\t\t\t<\/div>\n\t\t<div class=\"elementor-element elementor-element-b783cb0 e-flex e-con-boxed e-con e-parent\" data-id=\"b783cb0\" data-element_type=\"container\" data-e-type=\"container\">\n\t\t\t\t\t<div class=\"e-con-inner\">\n\t\t\t\t<div class=\"elementor-element elementor-element-5fc2fe1 elementor-widget elementor-widget-heading\" data-id=\"5fc2fe1\" data-element_type=\"widget\" data-e-type=\"widget\" data-widget_type=\"heading.default\">\n\t\t\t\t<div class=\"elementor-widget-container\">\n\t\t\t\t\t<h2 class=\"elementor-heading-title elementor-size-default\">Hur kommer man ig\u00e5ng?<\/h2>\t\t\t\t<\/div>\n\t\t\t\t<\/div>\n\t\t\t\t<div class=\"elementor-element elementor-element-0aeb9d3 elementor-widget elementor-widget-text-editor\" data-id=\"0aeb9d3\" data-element_type=\"widget\" data-e-type=\"widget\" data-widget_type=\"text-editor.default\">\n\t\t\t\t<div class=\"elementor-widget-container\">\n\t\t\t\t\t\t\t\t\tF\u00f6r mer information om grossistf\u00f6rs\u00e4ljning eller f\u00f6r att f\u00e5 en prislista f\u00f6r grossistf\u00f6rs\u00e4ljning, v\u00e4nligen kontakta oss p\u00e5 info@skiprotect.si eller fyll i kontaktformul\u00e4ret nedan. V\u00e5rt team kommer att \u00e5terkomma till dig snabbt och hj\u00e4lpa dig med alla fr\u00e5gor du kan ha om partihandel.\t\t\t\t\t\t\t\t<\/div>\n\t\t\t\t<\/div>\n\t\t\t\t<div class=\"elementor-element elementor-element-4dc5f8d elementor-align-center elementor-widget elementor-widget-button\" data-id=\"4dc5f8d\" data-element_type=\"widget\" data-e-type=\"widget\" data-widget_type=\"button.default\">\n\t\t\t\t<div class=\"elementor-widget-container\">\n\t\t\t\t\t\t\t\t\t<div class=\"elementor-button-wrapper\">\n\t\t\t\t\t<a class=\"elementor-button elementor-button-link elementor-size-sm\" href=\"https:\/\/skiprotect.si\/sv\/contact\/\">\n\t\t\t\t\t\t<span class=\"elementor-button-content-wrapper\">\n\t\t\t\t\t\t\t\t\t<span class=\"elementor-button-text\">Skicka ett meddelande till oss<\/span>\n\t\t\t\t\t<\/span>\n\t\t\t\t\t<\/a>\n\t\t\t\t<\/div>\n\t\t\t\t\t\t\t\t<\/div>\n\t\t\t\t<\/div>\n\t\t\t\t\t<\/div>\n\t\t\t\t<\/div>\n\t\t\t\t<\/div>","protected":false},"excerpt":{"rendered":"<p>Veleprodaja Postanite na\u0161 partner Ste trgovec ali distributer \u0161portne opreme, ki i\u0161\u010de zanesljivega dobavitelja vrhunske za\u0161\u010dite za smu\u010di? SKIPROTECT vam ponuja odli\u010dno prilo\u017enost za sodelovanje v veleprodaji na\u0161ih inovativnih neoprenskih za\u0161\u010dit za smu\u010di, ki zagotavljajo vrhunsko za\u0161\u010dito in zadovoljstvo strank. Za veleprodajne partnerje imamo pripravljene profesionalne slike izdelkov in podrobne opise v ve\u010djih jezikih, kar [&hellip;]<\/p>\n","protected":false},"author":83363281,"featured_media":0,"parent":0,"menu_order":0,"comment_status":"closed","ping_status":"closed","template":"","meta":{"jetpack_post_was_ever_published":false,"footnotes":""},"class_list":["post-211","page","type-page","status-publish","hentry"],"aioseo_notices":[],"jetpack_likes_enabled":false,"jetpack_shortlink":"https:\/\/wp.me\/PfuOuG-3p","jetpack-related-posts":[{"id":1,"url":"https:\/\/skiprotect.si\/sv\/about\/","url_meta":{"origin":211,"position":0},"title":"Om oss","author":"DominiqueTB","date":"februari 5, 2024","format":false,"excerpt":"O nas SKIPROTECT Smo mlado in inovativno podjetje, specializirano za izdelavo visokokakovostnih ski sleeves, ki nudijo najbolj\u0161o mo\u017eno za\u0161\u010dito za va\u0161e smu\u010di. Na\u0161e poslanstvo je zagotoviti, da so tvoje smu\u010di varno shranjene in za\u0161\u010ditene ne glede na to, ali si na poti na smu\u010di\u0161\u010de ali pa jih shranjuje\u0161 do naslednje\u2026","rel":"","context":"Liknande inl\u00e4gg","block_context":{"text":"Liknande inl\u00e4gg","link":""},"img":{"alt_text":"","src":"https:\/\/i0.wp.com\/skiprotect.si\/wp-content\/uploads\/2024\/08\/skiprotect-tip-1.jpg?resize=350%2C200&ssl=1","width":350,"height":200,"srcset":"https:\/\/i0.wp.com\/skiprotect.si\/wp-content\/uploads\/2024\/08\/skiprotect-tip-1.jpg?resize=350%2C200&ssl=1 1x, https:\/\/i0.wp.com\/skiprotect.si\/wp-content\/uploads\/2024\/08\/skiprotect-tip-1.jpg?resize=525%2C300&ssl=1 1.5x, https:\/\/i0.wp.com\/skiprotect.si\/wp-content\/uploads\/2024\/08\/skiprotect-tip-1.jpg?resize=700%2C400&ssl=1 2x"},"classes":[]},{"id":11,"url":"https:\/\/skiprotect.si\/sv\/blog\/","url_meta":{"origin":211,"position":1},"title":"Blogg","author":"DominiqueTB","date":"september 4, 2024","format":false,"excerpt":"Blog SKIPROTECT na smu\u010darskem sejmu na Gospodarskem razstavi\u0161\u010du v Ljubljani Pretekli teden smo uspe\u0161no predstavili SKIPROTECT na tradicionalnem smu\u010darskem sejmu, ki je potekal med 28. novembrom in 1. decembrom 2024 na Gospodarskem razstavi\u0161\u010du v Ljubljani. Dogodek je bil izjemen prilo\u017enost za vse...Preberi ve\u010d 3 decembra, 2024 Kako izbrati prave smu\u010di\u2026","rel":"","context":"Liknande inl\u00e4gg","block_context":{"text":"Liknande inl\u00e4gg","link":""},"img":{"alt_text":"","src":"https:\/\/i0.wp.com\/skiprotect.si\/wp-content\/uploads\/2025\/02\/novica1-768x413.jpg?resize=350%2C200&ssl=1","width":350,"height":200,"srcset":"https:\/\/i0.wp.com\/skiprotect.si\/wp-content\/uploads\/2025\/02\/novica1-768x413.jpg?resize=350%2C200&ssl=1 1x, https:\/\/i0.wp.com\/skiprotect.si\/wp-content\/uploads\/2025\/02\/novica1-768x413.jpg?resize=525%2C300&ssl=1 1.5x, https:\/\/i0.wp.com\/skiprotect.si\/wp-content\/uploads\/2025\/02\/novica1-768x413.jpg?resize=700%2C400&ssl=1 2x"},"classes":[]},{"id":505,"url":"https:\/\/skiprotect.si\/sv\/","url_meta":{"origin":211,"position":2},"title":"Domov","author":"Mammoth","date":"februari 2, 2025","format":false,"excerpt":"SKIPROTECT Za\u0161\u010diti svoje smu\u010di s slogom! Najbolj\u0161a neoprenska za\u0161\u010dita za va\u0161e smu\u010di Poglej ponudbo Za\u0161\u010diti svoje smu\u010di Za\u0161\u010diti svoje smu\u010di s slogom! Na\u0161a elegantna neoprenska za\u0161\u010dita bo tvoje smu\u010di ohranila v popolnem stanju, pripravljene na novo pustolov\u0161\u010dino na belih strminah. Naro\u010di svoje Preberi ve\u010d Novo Ponosno predstavljamo na\u0161o inovativno linijo\u2026","rel":"","context":"Liknande inl\u00e4gg","block_context":{"text":"Liknande inl\u00e4gg","link":""},"img":{"alt_text":"","src":"https:\/\/i0.wp.com\/skiprotect.si\/wp-content\/uploads\/2025\/11\/ISPO_2025_Ausstellerbanner_234x60_EN0.png?resize=350%2C200&ssl=1","width":350,"height":200},"classes":[]},{"id":12,"url":"https:\/\/skiprotect.si\/sv\/contact\/","url_meta":{"origin":211,"position":3},"title":"Kontakt","author":"DominiqueTB","date":"februari 5, 2024","format":false,"excerpt":"Kontakt Na skiprotect.si smo vedno na voljo, da ti pomagamo s kakr\u0161nimi koli vpra\u0161anji ali povpra\u0161evanjem. \u010ce potrebuje\u0161 pomo\u010d, nasvet ali dodatne informacije o na\u0161ih izdelkih in storitvah, ne oklevaj in nas kontaktirajte. Tu smo, da zagotovimo vse potrebne informacije, da bo\u0161 lahko maksimalno u\u017eival na sne\u017enih strminah! Kontaktirajte nas:\u2026","rel":"","context":"Liknande inl\u00e4gg","block_context":{"text":"Liknande inl\u00e4gg","link":""},"img":{"alt_text":"","src":"https:\/\/i0.wp.com\/skiprotect.si\/wp-content\/uploads\/2025\/02\/Black-on-transparent-300x54.png?resize=350%2C200&ssl=1","width":350,"height":200},"classes":[]},{"id":727,"url":"https:\/\/skiprotect.si\/sv\/privacy-policy\/","url_meta":{"origin":211,"position":4},"title":"Privacy policy","author":"Mammoth","date":"februari 2, 2025","format":false,"excerpt":"Politika varovanja osebnih podatkov Objavleno: 01.02.2025Datum zadnje spremembe: 01.02.2025Razli\u010dica 1.0Z osebnimi podatki v podjetju Tereza translations, Dominique Tereza Braakman s.p. (v nadaljevanju: ponudnik), ravnamo skladno z Zakonom o varstvu osebnih podatkov, splo\u0161no uredno o varstvu podatkov SUVP (GDPR) in internim pravilnikom, ki ureja obdelavo osebnih podatkov, postopke in ukrepe zavarovanja\u2026","rel":"","context":"Liknande inl\u00e4gg","block_context":{"text":"Liknande inl\u00e4gg","link":""},"img":{"alt_text":"","src":"","width":0,"height":0},"classes":[]},{"id":756,"url":"https:\/\/skiprotect.si\/sv\/return-policy\/","url_meta":{"origin":211,"position":5},"title":"Delivery &#038; Returns Policy","author":"Mammoth","date":"februari 2, 2025","format":false,"excerpt":"Vra\u010dila in dostava izdelkov Verzija: 1.0.DostavaNudimo dostavo na slede\u010da obmo\u010dja in dr\u017eave:Avstrija, Belgija, Bulgarija, \u010ce\u0161ka, Danska, Estonija, Finska, Francija, Gr\u010dija, Hrva\u0161ka, Irska, Italija, Latvija, Litva, Luxemburg, Mand\u017earska, Nem\u010dija, Nizozemska, Poljska, Portugalska, Romunija, Slova\u0161ka, Slovenija, \u0160panija, \u0160vedska, \u0160vica.\u010cas dostave artiklov je odvisen od va\u0161e lokacije in izbranega na\u010dina dostave. Okviren \u010das\u2026","rel":"","context":"Liknande inl\u00e4gg","block_context":{"text":"Liknande inl\u00e4gg","link":""},"img":{"alt_text":"","src":"","width":0,"height":0},"classes":[]}],"jetpack_sharing_enabled":true,"_links":{"self":[{"href":"https:\/\/skiprotect.si\/sv\/wp-json\/wp\/v2\/pages\/211","targetHints":{"allow":["GET"]}}],"collection":[{"href":"https:\/\/skiprotect.si\/sv\/wp-json\/wp\/v2\/pages"}],"about":[{"href":"https:\/\/skiprotect.si\/sv\/wp-json\/wp\/v2\/types\/page"}],"author":[{"embeddable":true,"href":"https:\/\/skiprotect.si\/sv\/wp-json\/wp\/v2\/users\/83363281"}],"replies":[{"embeddable":true,"href":"https:\/\/skiprotect.si\/sv\/wp-json\/wp\/v2\/comments?post=211"}],"version-history":[{"count":17,"href":"https:\/\/skiprotect.si\/sv\/wp-json\/wp\/v2\/pages\/211\/revisions"}],"predecessor-version":[{"id":843,"href":"https:\/\/skiprotect.si\/sv\/wp-json\/wp\/v2\/pages\/211\/revisions\/843"}],"wp:attachment":[{"href":"https:\/\/skiprotect.si\/sv\/wp-json\/wp\/v2\/media?parent=211"}],"curies":[{"name":"wp","href":"https:\/\/api.w.org\/{rel}","templated":true}]}}