{"id":139,"date":"2024-09-03T11:44:55","date_gmt":"2024-09-03T09:44:55","guid":{"rendered":"https:\/\/skiprotect.si\/?post_type=product&#038;p=139"},"modified":"2025-07-21T09:41:30","modified_gmt":"2025-07-21T07:41:30","slug":"skiprotect-ski-sleeve-m","status":"publish","type":"product","link":"https:\/\/skiprotect.si\/sv\/product\/skiprotect-ski-sleeve-m\/","title":{"rendered":"SKIPROTECT Skidfodral M (155-169cm)"},"content":{"rendered":"<p>Skidskyddet i neopren \u00e4r det perfekta valet f\u00f6r alla skid\u00e5kare som vill ge sina skidor det ultimata skyddet mot skador under transport och f\u00f6rvaring. Skyddet \u00e4r tillverkat av slitstark och flexibel neopren och skyddar effektivt skidornas kanter och yta mot repor, st\u00f6tar och fukt. Enkel montering och borttagning ger snabb \u00e5tkomst till skidorna, medan den kompakta designen s\u00e4kerst\u00e4ller att skyddet tar upp minimalt med utrymme. Med neoprenskyddet kommer dina skidor alltid att vara redo f\u00f6r nya sn\u00f6\u00e4ventyr!<\/p>\n<p>&nbsp;<\/p>\n<p>Storlek M \u00e4r l\u00e4mplig f\u00f6r skidor mellan 155 och 169 cm.<\/p>\n<p>&nbsp;<\/p>\n<p><strong>Snabbguide och f\u00f6rvaringstips<\/strong><\/p>\n<p><strong>Omedelbar \u00e5tg\u00e4rd: <\/strong>ta bort skidorna fr\u00e5n neoprenskyddet s\u00e5 snart du kommer ut ur backen.<\/p>\n<p><strong>Skaka av \u00f6verfl\u00f6dig fukt utomhus eller \u00f6ver diskb\u00e4nken\/karet: <\/strong>skaka helt enkelt SKIPROTECT f\u00f6r att avl\u00e4gsna s\u00e5 mycket sn\u00f6 och fukt som m\u00f6jligt.<\/p>\n<p><strong>Reng\u00f6ring p\u00e5 plats: <\/strong>Torka bort smuts, lera eller salt som samlats p\u00e5 ytan med en fuktig trasa.<\/p>\n<p><strong>Mild tv\u00e5ll\u00f6sning: <\/strong>F\u00f6r mer envisa fl\u00e4ckar, anv\u00e4nd en mild tv\u00e5l blandad med vatten. Skrubba f\u00f6rsiktigt mer envisa fl\u00e4ckar med en mjuk trasa eller svamp. Undvik att anv\u00e4nda starka kemikalier eller reng\u00f6ringsmedel eftersom de kan skada det skyddande neoprenmaterialet.<\/p>\n<p><strong>Inifr\u00e5n och ut: <\/strong>V\u00e4nd locket ut och in s\u00e5 att b\u00e5de utsidan och insidan kan torka helt. Detta hj\u00e4lper till att f\u00f6rhindra m\u00f6geltillv\u00e4xt.<\/p>\n<p><strong>Lufttorkning: <\/strong>placera skyddet i ett v\u00e4l ventilerat utrymme f\u00f6r att lufttorka. Undvik direkt solljus eller v\u00e4rmek\u00e4llor som t.ex. element, eftersom \u00f6verdriven v\u00e4rme kan skada neoprenet.<\/p>\n<p><strong>En sval och torr plats: <\/strong>F\u00f6rvara skyddet p\u00e5 en sval och torr plats, skyddad fr\u00e5n direkt solljus och extrema temperaturer.<\/p>\n<p><strong>F\u00f6rvaring i plant l\u00e4ge:<\/strong> n\u00e4r neoprensk\u00f6lden \u00e4r helt torr, f\u00f6rvara den platt eller l\u00f6st rullad f\u00f6r att f\u00f6rhindra skrynkling och f\u00f6r att beh\u00e5lla sin form.<\/p>\n<p><strong>Undvik komprimering<\/strong>: F\u00f6rvara inte tunga f\u00f6rem\u00e5l ovanp\u00e5 neoprenet eftersom de kan orsaka permanenta rynkor eller skador p\u00e5 neoprenet. Detta bidrar till att bevara s\u00e5 mycket som m\u00f6jligt av det skyddande lagret.<\/p>","protected":false},"excerpt":{"rendered":"<p>Skidskyddet i neopren \u00e4r det perfekta valet f\u00f6r alla skid\u00e5kare som vill ge sina skidor det ultimata skyddet mot skador under transport och f\u00f6rvaring.<\/p>","protected":false},"featured_media":196,"comment_status":"open","ping_status":"closed","template":"","meta":{"jetpack_post_was_ever_published":false,"jetpack_publicize_message":"","jetpack_publicize_feature_enabled":true,"jetpack_social_post_already_shared":true,"jetpack_social_options":{"image_generator_settings":{"template":"highway","default_image_id":0,"font":"","enabled":false},"version":2},"_wpas_customize_per_network":false},"product_brand":[],"product_cat":[],"product_tag":[],"class_list":{"0":"post-139","1":"product","2":"type-product","3":"status-publish","4":"has-post-thumbnail","7":"first","8":"instock","9":"sale","10":"taxable","11":"shipping-taxable","12":"purchasable","13":"product-type-simple"},"aioseo_notices":[],"jetpack_publicize_connections":[],"jetpack_likes_enabled":false,"jetpack-related-posts":[{"id":124,"url":"https:\/\/skiprotect.si\/sv\/product\/skiprotect-ski-sleeve-s\/","url_meta":{"origin":139,"position":0},"title":"SKIPROTECT Skidfodral S (140-154cm)","author":"DominiqueTB","date":"september 2, 2024","format":false,"excerpt":"Skidskyddet i neopren \u00e4r det perfekta valet f\u00f6r alla skid\u00e5kare som vill ge sina skidor det ultimata skyddet mot skador under transport och f\u00f6rvaring.","rel":"","context":"Liknande inl\u00e4gg","block_context":{"text":"Liknande inl\u00e4gg","link":""},"img":{"alt_text":"","src":"https:\/\/i0.wp.com\/skiprotect.si\/wp-content\/uploads\/2024\/09\/Untitled-Session00033-%E2%80%93-kopija.jpg?fit=1200%2C888&ssl=1&resize=350%2C200","width":350,"height":200,"srcset":"https:\/\/i0.wp.com\/skiprotect.si\/wp-content\/uploads\/2024\/09\/Untitled-Session00033-%E2%80%93-kopija.jpg?fit=1200%2C888&ssl=1&resize=350%2C200 1x, https:\/\/i0.wp.com\/skiprotect.si\/wp-content\/uploads\/2024\/09\/Untitled-Session00033-%E2%80%93-kopija.jpg?fit=1200%2C888&ssl=1&resize=525%2C300 1.5x, https:\/\/i0.wp.com\/skiprotect.si\/wp-content\/uploads\/2024\/09\/Untitled-Session00033-%E2%80%93-kopija.jpg?fit=1200%2C888&ssl=1&resize=700%2C400 2x, https:\/\/i0.wp.com\/skiprotect.si\/wp-content\/uploads\/2024\/09\/Untitled-Session00033-%E2%80%93-kopija.jpg?fit=1200%2C888&ssl=1&resize=1050%2C600 3x"},"classes":[]},{"id":140,"url":"https:\/\/skiprotect.si\/sv\/product\/skiprotect-ski-sleeve-l\/","url_meta":{"origin":139,"position":1},"title":"SKIPROTECT Skidfodral L (170-185cm)","author":"DominiqueTB","date":"september 3, 2024","format":false,"excerpt":"Skidskyddet i neopren \u00e4r det perfekta valet f\u00f6r alla skid\u00e5kare som vill ge sina skidor det ultimata skyddet mot skador under transport och f\u00f6rvaring.","rel":"","context":"Liknande inl\u00e4gg","block_context":{"text":"Liknande inl\u00e4gg","link":""},"img":{"alt_text":"","src":"https:\/\/i0.wp.com\/skiprotect.si\/wp-content\/uploads\/2024\/09\/Untitled-Session00033-%E2%80%93-kopija.jpg?fit=1200%2C888&ssl=1&resize=350%2C200","width":350,"height":200,"srcset":"https:\/\/i0.wp.com\/skiprotect.si\/wp-content\/uploads\/2024\/09\/Untitled-Session00033-%E2%80%93-kopija.jpg?fit=1200%2C888&ssl=1&resize=350%2C200 1x, https:\/\/i0.wp.com\/skiprotect.si\/wp-content\/uploads\/2024\/09\/Untitled-Session00033-%E2%80%93-kopija.jpg?fit=1200%2C888&ssl=1&resize=525%2C300 1.5x, https:\/\/i0.wp.com\/skiprotect.si\/wp-content\/uploads\/2024\/09\/Untitled-Session00033-%E2%80%93-kopija.jpg?fit=1200%2C888&ssl=1&resize=700%2C400 2x, https:\/\/i0.wp.com\/skiprotect.si\/wp-content\/uploads\/2024\/09\/Untitled-Session00033-%E2%80%93-kopija.jpg?fit=1200%2C888&ssl=1&resize=1050%2C600 3x"},"classes":[]},{"id":1216,"url":"https:\/\/skiprotect.si\/sv\/product\/skiprotect-cross-country-ski-sleeve-uni-size\/","url_meta":{"origin":139,"position":2},"title":"SKIPROTECT Cross-country ski sleeve, uni-storlek","author":"DominiqueTB","date":"november 22, 2025","format":false,"excerpt":"Prva neoprenska za\u0161\u010dita, zasnovana posebej za teka\u0161ke smu\u010di! SKIPROTECT zagotavlja varno, \u010disto in udobno shranjevanje ter prena\u0161anje smu\u010di in palic, ne glede na to, ali se odpravljate na trening, tekmo ali potovanje v sne\u017ene kraje. Raztegljiv neopren se popolno prilega paru smu\u010di in palic, hkrati pa \u0161\u010diti voskano drsno povr\u0161ino\u2026","rel":"","context":"Liknande inl\u00e4gg","block_context":{"text":"Liknande inl\u00e4gg","link":""},"img":{"alt_text":"","src":"https:\/\/i0.wp.com\/skiprotect.si\/wp-content\/uploads\/2025\/11\/Untitled-Session01302.jpg?fit=1200%2C800&ssl=1&resize=350%2C200","width":350,"height":200,"srcset":"https:\/\/i0.wp.com\/skiprotect.si\/wp-content\/uploads\/2025\/11\/Untitled-Session01302.jpg?fit=1200%2C800&ssl=1&resize=350%2C200 1x, https:\/\/i0.wp.com\/skiprotect.si\/wp-content\/uploads\/2025\/11\/Untitled-Session01302.jpg?fit=1200%2C800&ssl=1&resize=525%2C300 1.5x, https:\/\/i0.wp.com\/skiprotect.si\/wp-content\/uploads\/2025\/11\/Untitled-Session01302.jpg?fit=1200%2C800&ssl=1&resize=700%2C400 2x, https:\/\/i0.wp.com\/skiprotect.si\/wp-content\/uploads\/2025\/11\/Untitled-Session01302.jpg?fit=1200%2C800&ssl=1&resize=1050%2C600 3x"},"classes":[]},{"id":400,"url":"https:\/\/skiprotect.si\/sv\/product\/400\/","url_meta":{"origin":139,"position":3},"title":"Anpassat tryck av namn eller smeknamn","author":"DominiqueTB","date":"december 12, 2024","format":false,"excerpt":"Visa din stil och l\u00e4gg till en personlig touch p\u00e5 ditt skidskydd med v\u00e5r tryckservice f\u00f6r namn eller smeknamn. SKIPROTECT \u00e4r inte bara en produkt som garanterar s\u00e4kerheten f\u00f6r dina skidor, utan ocks\u00e5 ett uttryck f\u00f6r din individualitet!","rel":"","context":"Liknande inl\u00e4gg","block_context":{"text":"Liknande inl\u00e4gg","link":""},"img":{"alt_text":"","src":"https:\/\/i0.wp.com\/skiprotect.si\/wp-content\/uploads\/2024\/02\/IMAGE_20241123_102046_677-e1733995435687.jpg?fit=968%2C1200&ssl=1&resize=350%2C200","width":350,"height":200,"srcset":"https:\/\/i0.wp.com\/skiprotect.si\/wp-content\/uploads\/2024\/02\/IMAGE_20241123_102046_677-e1733995435687.jpg?fit=968%2C1200&ssl=1&resize=350%2C200 1x, https:\/\/i0.wp.com\/skiprotect.si\/wp-content\/uploads\/2024\/02\/IMAGE_20241123_102046_677-e1733995435687.jpg?fit=968%2C1200&ssl=1&resize=525%2C300 1.5x, https:\/\/i0.wp.com\/skiprotect.si\/wp-content\/uploads\/2024\/02\/IMAGE_20241123_102046_677-e1733995435687.jpg?fit=968%2C1200&ssl=1&resize=700%2C400 2x"},"classes":[]}],"jetpack_sharing_enabled":true,"_links":{"self":[{"href":"https:\/\/skiprotect.si\/sv\/wp-json\/wp\/v2\/product\/139","targetHints":{"allow":["GET"]}}],"collection":[{"href":"https:\/\/skiprotect.si\/sv\/wp-json\/wp\/v2\/product"}],"about":[{"href":"https:\/\/skiprotect.si\/sv\/wp-json\/wp\/v2\/types\/product"}],"replies":[{"embeddable":true,"href":"https:\/\/skiprotect.si\/sv\/wp-json\/wp\/v2\/comments?post=139"}],"wp:featuredmedia":[{"embeddable":true,"href":"https:\/\/skiprotect.si\/sv\/wp-json\/wp\/v2\/media\/196"}],"wp:attachment":[{"href":"https:\/\/skiprotect.si\/sv\/wp-json\/wp\/v2\/media?parent=139"}],"wp:term":[{"taxonomy":"product_brand","embeddable":true,"href":"https:\/\/skiprotect.si\/sv\/wp-json\/wp\/v2\/product_brand?post=139"},{"taxonomy":"product_cat","embeddable":true,"href":"https:\/\/skiprotect.si\/sv\/wp-json\/wp\/v2\/product_cat?post=139"},{"taxonomy":"product_tag","embeddable":true,"href":"https:\/\/skiprotect.si\/sv\/wp-json\/wp\/v2\/product_tag?post=139"}],"curies":[{"name":"wp","href":"https:\/\/api.w.org\/{rel}","templated":true}]}}